{"id":231,"date":"2018-05-24T17:00:07","date_gmt":"2018-05-24T15:00:07","guid":{"rendered":"http:\/\/musikfundgrube-erfurt.de\/?page_id=231"},"modified":"2018-05-24T17:00:07","modified_gmt":"2018-05-24T15:00:07","slug":"datenschutzerklaerung","status":"publish","type":"page","link":"https:\/\/musikfundgrube-erfurt.de\/index.php\/datenschutzerklaerung\/","title":{"rendered":"Datenschutzerkl\u00e4rung"},"content":{"rendered":"<p>Datenschutzerkl\u00e4rung<br \/>\nWir freuen uns \u00fcber Ihr Interesse an unserer Website. Der Schutz Ihrer Privatsph\u00e4re ist f\u00fcr uns sehr wichtig. Nachstehend informieren wir Sie ausf\u00fchrlich \u00fcber den Umgang mit Ihren Daten.<\/p>\n<p>Speicherung von Zugriffsdaten in Server-Logfiles<br \/>\nSie k\u00f6nnen unsere Webseiten besuchen, ohne Angaben zu Ihrer Person zu machen. Wir speichern lediglich Zugriffsdaten in sogenannten Server-Logfiles, wie z.B. den Namen der angeforderten Datei, Datum und Uhrzeit des Abrufs, \u00fcbertragene Datenmenge und den anfragenden Provider. Diese Daten werden ausschlie\u00dflich zur Sicherstellung eines st\u00f6rungsfreien Betriebs der Seite und zur Verbesserung unseres Angebots ausgewertet und erlauben uns keinen R\u00fcckschluss auf Ihre Person.<\/p>\n<p>Datenerhebung und -verwendung zur Vertragsabwicklung<br \/>\nWir erheben personenbezogene Daten, wenn Sie uns diese im Rahmen Ihrer Bestellung oder bei einer Kontaktaufnahme mit uns (z.B. per Kontaktformular oder E-Mail) freiwillig mitteilen. Welche Daten erhoben werden, ist aus den jeweiligen Eingabeformularen ersichtlich. Wir verwenden die von Ihnen mitgeteilten Daten zur Vertragsabwicklung und Bearbeitung Ihrer Anfragen. Nach vollst\u00e4ndiger Abwicklung des Vertrages werden Ihre Daten f\u00fcr die weitere Verwendung gesperrt und nach Ablauf der steuer- und handelsrechtlichen Aufbewahrungsfristen gel\u00f6scht, sofern Sie nicht ausdr\u00fccklich in eine weitere Nutzung Ihrer Daten eingewilligt haben oder wir uns eine dar\u00fcber hinausgehende Datenverwendung vorbehalten, die gesetzlich erlaubt ist und \u00fcber die wir Sie nachstehend informieren.<\/p>\n<p>Datenweitergabe zur Vertragserf\u00fcllung<br \/>\nZur Vertragserf\u00fcllung geben wir Ihre Daten an das mit der Lieferung beauftragte Versandunternehmen weiter, soweit dies zur Lieferung bestellter Waren erforderlich ist. Je nach dem, welchen Zahlungsdienstleister Sie im Bestellprozess ausw\u00e4hlen, geben wir zur Abwicklung von Zahlungen die hierf\u00fcr erhobenen Zahlungsdaten an das mit der Zahlung beauftragte Kreditinstitut und ggf. von uns beauftragte Zahlungsdienstleister weiter bzw. an den ausgew\u00e4hlten Zahlungsdienst. Zum Teil erheben die ausgew\u00e4hlten Zahlungsdienstleister diese Daten auch selbst, soweit Sie dort ein Konto anlegen. In diesem Fall m\u00fcssen Sie sich im Bestellprozess mit Ihren Zugangsdaten bei dem Zahlungsdienstleister anmelden. Es gilt insoweit die Datenschutzerkl\u00e4rung des jeweiligen Zahlungsdienstleisters.<\/p>\n<p>Datenverwendung f\u00fcr Postwerbung und Ihr Widerspruchsrecht<br \/>\nDar\u00fcber hinaus behalten wir uns vor, Ihren Vor- und Nachnamen, Ihre Postanschrift und &#8211; soweit wir diese zus\u00e4tzlichen Angaben im Rahmen der Vertragsbeziehung von Ihnen erhalten haben &#8211; Ihren Titel, akademischen Grad, Ihr Geburtsjahr und Ihre Berufs-, Branchen- oder Gesch\u00e4ftsbezeichnung in zusammengefassten Listen zu speichern und f\u00fcr eigene Werbezwecke zu nutzen, z.B. zur Zusendung von interessanten Angeboten und Informationen zu unseren Produkten per Briefpost. Sie k\u00f6nnen der Speicherung und Verwendung Ihrer Daten zu diesen Zwecken jederzeit durch eine Nachricht an die unten beschriebene Kontaktm\u00f6glichkeit widersprechen.<\/p>\n<p>Verwendung von Cookies<br \/>\nUm den Besuch unserer Website attraktiv zu gestalten und die Nutzung bestimmter Funktionen zu erm\u00f6glichen, verwenden wir auf verschiedenen Seiten sogenannte Cookies. Hierbei handelt es sich um kleine Textdateien, die auf Ihrem Endger\u00e4t gespeichert werden. Einige der von uns verwendeten Cookies werden nach Ende der Browser-Sitzung, also nach Schlie\u00dfen Ihres Browsers, wieder gel\u00f6scht (sog. Sitzungs-Cookies). Andere Cookies verbleiben auf Ihrem Endger\u00e4t und erm\u00f6glichen uns, Ihren Browser beim n\u00e4chsten Besuch wiederzuerkennen (persistente Cookies). Sie k\u00f6nnen Ihren Browser so einstellen, dass Sie \u00fcber das Setzen von Cookies informiert werden und einzeln \u00fcber deren Annahme entscheiden oder die Annahme von Cookies f\u00fcr bestimmte F\u00e4lle oder generell ausschlie\u00dfen. Bei der Nichtannahme von Cookies kann die Funktionalit\u00e4t unserer Website eingeschr\u00e4nkt sein.<\/p>\n<p>Einsatz von Google (Universal) Analytics zur Webanalyse<br \/>\nDiese Website benutzt Google (Universal) Analytics, einen Webanalysedienst der Google Inc. (www.google.de). Google (Universal) Analytics verwendet Methoden, die eine Analyse der Benutzung der Website durch Sie erm\u00f6glichen, wie zum Beispiel sog. \u201eCookies\u201c, Textdateien, die auf Ihrem Computer gespeichert werden. Die erzeugten Informationen \u00fcber Ihre Benutzung dieser Website werden in der Regel an einen Server von Google in den USA \u00fcbertragen und dort gespeichert. Durch die Aktivierung der IP-Anonymisierung auf dieser Webseite wird dabei die IP-Adresse vor der \u00dcbermittlung innerhalb der Mitgliedstaaten der Europ\u00e4ischen Union oder in anderen Vertragsstaaten des Abkommens \u00fcber den Europ\u00e4ischen Wirtschaftsraum gek\u00fcrzt. Nur in Ausnahmef\u00e4llen wird die volle IP-Adresse an einen Server von Google in den USA \u00fcbertragen und dort gek\u00fcrzt. Die im Rahmen von Google Analytics von Ihrem Browser \u00fcbermittelte anonymisierte IP-Adresse wird nicht mit anderen Daten von Google zusammengef\u00fchrt.<\/p>\n<p>Sie k\u00f6nnen die Erfassung der durch das Cookie erzeugten und auf Ihre Nutzung der Website bezogenen Daten (inkl. Ihrer IP-Adresse) an Google sowie die Verarbeitung dieser Daten durch Google verhindern, indem Sie das unter dem folgenden Link verf\u00fcgbare Browser-Plugin herunterladen und installieren: http:\/\/tools.google.com\/dlpage\/gaoptout?hl=de Alternativ zum Browser-Plugin k\u00f6nnen Sie diesen Link klicken, um die Erfassung durch Google Analytics auf dieser Website zuk\u00fcnftig zu verhindern. Dabei wird ein Opt-Out-Cookie auf Ihrem Endger\u00e4t abgelegt. L\u00f6schen Sie Ihre Cookies, m\u00fcssen Sie den Link erneut klicken.<\/p>\n<p>Bewertungserinnerung per E-Mail<br \/>\nSofern Sie uns hierzu w\u00e4hrend oder nach Ihrer Bestellung Ihre ausdr\u00fcckliche Einwilligung erteilt haben, indem Sie eine entsprechende Checkbox aktiviert oder einen hierf\u00fcr vorgesehenen Button geklickt haben, verwenden wir Ihre E-Mail-Adresse f\u00fcr die Erinnerung zur Abgabe einer Bewertung Ihrer Bestellung \u00fcber das von uns eingesetzte Bewertungssystem. Diese Einwilligung kann jederzeit durch eine Nachricht an die unten beschriebene Kontaktm\u00f6glichkeit widerrufen werden.<\/p>\n<p>Auskunftsrecht und Kontaktm\u00f6glichkeit<br \/>\nSie haben ein Recht auf unentgeltliche Auskunft \u00fcber die bei uns zu Ihrer Person gespeicherten Daten sowie ggf. ein Recht auf Berichtigung, Sperrung oder L\u00f6schung dieser Daten. Bei Fragen zur Erhebung, Verarbeitung oder Nutzung Ihrer personenbezogenen Daten, bei Ausk\u00fcnften, Berichtigung, Sperrung oder L\u00f6schung von Daten sowie Widerruf erteilter Einwilligungen oder Widerspruch gegen eine bestimmte Datenverwendung wenden Sie sich bitte direkt an uns \u00fcber die Kontaktdaten in unserem Impressum.<\/p>\n<p>Diese Website benutzt Google Analytics, einen Webanalysedienst der Google Inc. (\u201eGoogle\u201c). Google Analytics verwendet sog. \u201eCookies\u201c, Textdateien, die auf Ihrem Computer gespeichert werden und die eine Analyse der Benutzung der Website durch Sie erm\u00f6glichen. Die durch den Cookie erzeugten Informationen \u00fcber Ihre Benutzung dieser Website werden in der Regel an einen Server von Google in den USA \u00fcbertragen und dort gespeichert. Im Falle der Aktivierung der IP-Anonymisierung auf dieser Webseite, wird Ihre IP-Adresse von Google jedoch innerhalb von Mitgliedstaaten der Europ\u00e4ischen Union oder in anderen Vertragsstaaten des Abkommens \u00fcber den Europ\u00e4ischen Wirtschaftsraum zuvor gek\u00fcrzt. Nur in Ausnahmef\u00e4llen wird die volle IP-Adresse an einen Server von Google in den USA \u00fcbertragen und dort gek\u00fcrzt. Im Auftrag des Betreibers dieser Website wird Google diese Informationen benutzen, um Ihre Nutzung der Website auszuwerten, um Reports \u00fcber die Websiteaktivit\u00e4ten zusammenzustellen und um weitere mit der Websitenutzung und der Internetnutzung verbundene Dienstleistungen gegen\u00fcber dem Websitebetreiber zu erbringen. Die im Rahmen von Google Analytics von Ihrem Browser \u00fcbermittelte IP-Adresse wird nicht mit anderen Daten von Google zusammengef\u00fchrt. Sie k\u00f6nnen die Speicherung der Cookies durch eine entsprechende Einstellung Ihrer Browser-Software verhindern; wir weisen Sie jedoch darauf hin, dass Sie in diesem Fall gegebenenfalls nicht s\u00e4mtliche Funktionen dieser Website vollumf\u00e4nglich werden nutzen k\u00f6nnen. Sie k\u00f6nnen dar\u00fcber hinaus die Erfassung der durch das Cookie erzeugten und auf Ihre Nutzung der Website bezogenen Daten (inkl. Ihrer IP-Adresse) an Google sowie die Verarbeitung dieser Daten durch Google verhindern, indem Sie das unter dem folgenden Link verf\u00fcgbare Browser-Plugin herunterladen und installieren: http:\/\/tools.google.com\/dlpage\/gaoptout<\/p>\n<p>N\u00e4here Informationen zu Nutzungsbedingungen und Datenschutz finden Sie unter den Google Analytics Bedingungen bzw. unter der Google Analytics \u00dcbersicht. Wir weisen Sie darauf hin, dass auf dieser Webseite Google Analytics um den Code &#8222;gat._anonymizeIp();&#8220; erweitert wurde, um eine anonymisierte Erfassung von IP-Adressen (sog. IP-Masking) zu gew\u00e4hrleisten.<\/p>\n","protected":false},"excerpt":{"rendered":"<p>Datenschutzerkl\u00e4rung Wir freuen uns \u00fcber Ihr Interesse an unserer Website. Der Schutz Ihrer Privatsph\u00e4re ist f\u00fcr uns sehr wichtig. Nachstehend informieren wir Sie ausf\u00fchrlich \u00fcber den Umgang mit Ihren Daten. Speicherung von Zugriffsdaten in Server-Logfiles Sie k\u00f6nnen unsere Webseiten besuchen, ohne Angaben zu Ihrer Person zu machen. Wir speichern lediglich Zugriffsdaten in sogenannten Server-Logfiles, wie [&hellip;]<\/p>\n","protected":false},"author":1,"featured_media":0,"parent":0,"menu_order":0,"comment_status":"closed","ping_status":"closed","template":"","meta":{"ngg_post_thumbnail":0,"spay_email":""},"jetpack_sharing_enabled":true,"jetpack_shortlink":"https:\/\/wp.me\/P7dKKQ-3J","jetpack-related-posts":[{"id":7,"url":"https:\/\/musikfundgrube-erfurt.de\/index.php\/blopue\/","url_meta":{"origin":231,"position":0},"title":"Impressum","date":"8. Februar 2016","format":false,"excerpt":"Impressum und Datenschutzerkl\u00e4rung: Inhaber und Betreiber der Website: Sabine Eckhardt Marktstra\u00dfe 34\/35 99084 Erfurt Tel: +491577 2637328 Germany MAIL: info@musikfundgrube-erfurt.de Steuernummer:\u00a0DE 171\/215\/06106 - Finanzamt Meiningen Haftungsausschluss 1. Inhalt des Onlineangebotes Der Autor \u00fcbernimmt keinerlei Gew\u00e4hr f\u00fcr die Aktualit\u00e4t, Korrektheit, Vollst\u00e4ndigkeit oder Qualit\u00e4t der bereitgestellten Informationen. Haftungsanspr\u00fcche gegen den Autor, welche\u2026","rel":"","context":"\u00c4hnlicher Beitrag","img":{"alt_text":"","src":"","width":0,"height":0},"classes":[]},{"id":5,"url":"https:\/\/musikfundgrube-erfurt.de\/","url_meta":{"origin":231,"position":1},"title":"Willkommen","date":"8. Februar 2016","format":false,"excerpt":"Willkommen bei der Musikfundgrube. Bei uns findet ihr eine sehr gro\u00dfe Auswahl an Vinyl\u00b4s, CD\u00b4s, DVD\u00b4s, nostalgischen Blechschildern und vieles mehr. Unser Sortiment umfasst fast alles. Vorbeischauen lohnt sich immer!! Wer etwas Bestimmtes sucht, was wir im Moment nicht im Gesch\u00e4ft haben, kann sich an uns wenden. Gegen eine kleine\u2026","rel":"","context":"\u00c4hnlicher Beitrag","img":{"alt_text":"","src":"","width":0,"height":0},"classes":[]}],"_links":{"self":[{"href":"https:\/\/musikfundgrube-erfurt.de\/index.php\/wp-json\/wp\/v2\/pages\/231"}],"collection":[{"href":"https:\/\/musikfundgrube-erfurt.de\/index.php\/wp-json\/wp\/v2\/pages"}],"about":[{"href":"https:\/\/musikfundgrube-erfurt.de\/index.php\/wp-json\/wp\/v2\/types\/page"}],"author":[{"embeddable":true,"href":"https:\/\/musikfundgrube-erfurt.de\/index.php\/wp-json\/wp\/v2\/users\/1"}],"replies":[{"embeddable":true,"href":"https:\/\/musikfundgrube-erfurt.de\/index.php\/wp-json\/wp\/v2\/comments?post=231"}],"version-history":[{"count":1,"href":"https:\/\/musikfundgrube-erfurt.de\/index.php\/wp-json\/wp\/v2\/pages\/231\/revisions"}],"predecessor-version":[{"id":232,"href":"https:\/\/musikfundgrube-erfurt.de\/index.php\/wp-json\/wp\/v2\/pages\/231\/revisions\/232"}],"wp:attachment":[{"href":"https:\/\/musikfundgrube-erfurt.de\/index.php\/wp-json\/wp\/v2\/media?parent=231"}],"curies":[{"name":"wp","href":"https:\/\/api.w.org\/{rel}","templated":true}]}}