{"id":5,"date":"2016-02-08T22:50:31","date_gmt":"2016-02-08T21:50:31","guid":{"rendered":"http:\/\/musikfundgrube-erfurt.de\/?page_id=5"},"modified":"2022-09-04T18:54:27","modified_gmt":"2022-09-04T16:54:27","slug":"angebot","status":"publish","type":"page","link":"https:\/\/musikfundgrube-erfurt.de\/","title":{"rendered":"Willkommen"},"content":{"rendered":"<p>Willkommen bei der Musikfundgrube.<\/p>\n<p>Bei uns findet ihr eine sehr gro\u00dfe Auswahl an Vinyl\u00b4s, CD\u00b4s, DVD\u00b4s, nostalgischen Blechschildern und vieles mehr. Unser Sortiment umfasst fast alles. Vorbeischauen lohnt sich immer!!<\/p>\n<p>Wer etwas Bestimmtes sucht, was wir im Moment nicht im Gesch\u00e4ft haben, kann sich an uns wenden. Gegen eine kleine Anzahlung, versuchen wir, diesen Artikel aufzutreiben.<\/p>\n<p>Des Weiteren sind wir immer an Schallplattensammlungen interessiert (Rock, Pop, Oldies der 60-er, 70-er Jahre). Wenn ihr Schallplatten in dieser Richtung habt und diese verkaufen m\u00f6chtet, meldet euch einfach im Gesch\u00e4ft oder per Telefon.<\/p>\n<p>Tel: 01577 2637328<\/p>\n<p>email: info@musikfundgrube-erfurt.de<\/p>\n<p>&nbsp;<\/p>\n","protected":false},"excerpt":{"rendered":"<p>Willkommen bei der Musikfundgrube. Bei uns findet ihr eine sehr gro\u00dfe Auswahl an Vinyl\u00b4s, CD\u00b4s, DVD\u00b4s, nostalgischen Blechschildern und vieles mehr. Unser Sortiment umfasst fast alles. Vorbeischauen lohnt sich immer!! Wer etwas Bestimmtes sucht, was wir im Moment nicht im Gesch\u00e4ft haben, kann sich an uns wenden. Gegen eine kleine Anzahlung, versuchen wir, diesen Artikel [&hellip;]<\/p>\n","protected":false},"author":1,"featured_media":0,"parent":0,"menu_order":0,"comment_status":"closed","ping_status":"closed","template":"","meta":{"ngg_post_thumbnail":0,"spay_email":""},"jetpack_sharing_enabled":true,"jetpack_shortlink":"https:\/\/wp.me\/P7dKKQ-5","jetpack-related-posts":[{"id":231,"url":"https:\/\/musikfundgrube-erfurt.de\/index.php\/datenschutzerklaerung\/","url_meta":{"origin":5,"position":0},"title":"Datenschutzerkl\u00e4rung","date":"24. Mai 2018","format":false,"excerpt":"Datenschutzerkl\u00e4rung Wir freuen uns \u00fcber Ihr Interesse an unserer Website. Der Schutz Ihrer Privatsph\u00e4re ist f\u00fcr uns sehr wichtig. Nachstehend informieren wir Sie ausf\u00fchrlich \u00fcber den Umgang mit Ihren Daten. Speicherung von Zugriffsdaten in Server-Logfiles Sie k\u00f6nnen unsere Webseiten besuchen, ohne Angaben zu Ihrer Person zu machen. Wir speichern lediglich\u2026","rel":"","context":"\u00c4hnlicher Beitrag","img":{"alt_text":"","src":"","width":0,"height":0},"classes":[]},{"id":7,"url":"https:\/\/musikfundgrube-erfurt.de\/index.php\/blopue\/","url_meta":{"origin":5,"position":1},"title":"Impressum","date":"8. Februar 2016","format":false,"excerpt":"Impressum und Datenschutzerkl\u00e4rung: Inhaber und Betreiber der Website: Sabine Eckhardt Marktstra\u00dfe 34\/35 99084 Erfurt Tel: +491577 2637328 Germany MAIL: info@musikfundgrube-erfurt.de Steuernummer:\u00a0DE 171\/215\/06106 - Finanzamt Meiningen Haftungsausschluss 1. Inhalt des Onlineangebotes Der Autor \u00fcbernimmt keinerlei Gew\u00e4hr f\u00fcr die Aktualit\u00e4t, Korrektheit, Vollst\u00e4ndigkeit oder Qualit\u00e4t der bereitgestellten Informationen. Haftungsanspr\u00fcche gegen den Autor, welche\u2026","rel":"","context":"\u00c4hnlicher Beitrag","img":{"alt_text":"","src":"","width":0,"height":0},"classes":[]}],"_links":{"self":[{"href":"https:\/\/musikfundgrube-erfurt.de\/index.php\/wp-json\/wp\/v2\/pages\/5"}],"collection":[{"href":"https:\/\/musikfundgrube-erfurt.de\/index.php\/wp-json\/wp\/v2\/pages"}],"about":[{"href":"https:\/\/musikfundgrube-erfurt.de\/index.php\/wp-json\/wp\/v2\/types\/page"}],"author":[{"embeddable":true,"href":"https:\/\/musikfundgrube-erfurt.de\/index.php\/wp-json\/wp\/v2\/users\/1"}],"replies":[{"embeddable":true,"href":"https:\/\/musikfundgrube-erfurt.de\/index.php\/wp-json\/wp\/v2\/comments?post=5"}],"version-history":[{"count":44,"href":"https:\/\/musikfundgrube-erfurt.de\/index.php\/wp-json\/wp\/v2\/pages\/5\/revisions"}],"predecessor-version":[{"id":305,"href":"https:\/\/musikfundgrube-erfurt.de\/index.php\/wp-json\/wp\/v2\/pages\/5\/revisions\/305"}],"wp:attachment":[{"href":"https:\/\/musikfundgrube-erfurt.de\/index.php\/wp-json\/wp\/v2\/media?parent=5"}],"curies":[{"name":"wp","href":"https:\/\/api.w.org\/{rel}","templated":true}]}}